{"id":15,"date":"2023-11-18T10:24:50","date_gmt":"2023-11-18T10:24:50","guid":{"rendered":"https:\/\/dicostanzopsicoterapeuta.it\/?page_id=15"},"modified":"2025-10-23T10:02:12","modified_gmt":"2025-10-23T10:02:12","slug":"chi-sono","status":"publish","type":"page","link":"https:\/\/dicostanzopsicoterapeuta.it\/index.php\/chi-sono\/","title":{"rendered":"Chi sono"},"content":{"rendered":"\t\t<div data-elementor-type=\"wp-page\" data-elementor-id=\"15\" class=\"elementor elementor-15\">\n\t\t\t\t<div class=\"elementor-element elementor-element-35e6714 e-flex e-con-boxed e-con e-parent\" data-id=\"35e6714\" data-element_type=\"container\">\n\t\t\t\t\t<div class=\"e-con-inner\">\n\t\t<div class=\"elementor-element elementor-element-268d829 e-con-full e-flex e-con e-child\" data-id=\"268d829\" data-element_type=\"container\">\n\t\t\t\t<div class=\"elementor-element elementor-element-c95ab0a elementor-absolute elementor-widget__width-initial elementor-invisible elementor-widget elementor-widget-heading\" data-id=\"c95ab0a\" data-element_type=\"widget\" data-settings=\"{&quot;_position&quot;:&quot;absolute&quot;,&quot;_animation&quot;:&quot;zoomInRight&quot;}\" data-widget_type=\"heading.default\">\n\t\t\t\t<div class=\"elementor-widget-container\">\n\t\t\t\t\t<h1 class=\"elementor-heading-title elementor-size-default\">Sono la dott.ssa Maria Luisa Di Costanzo psicologa, esperto ABA, tutor DSA&nbsp; con formazione cognitivo comportamentale&nbsp; e psicocorporea.<br>\n\nOffro servizio di supporto e percorsi di sostegno psicologico; tratto disturbi quali ansia, attacchi di panico, lutto, depressioni, traumi problemi di coppia, disturbi dell'umore e altro.<br>\n\nSono attualmente iscritta al quarto anno di psicoterapia funzionale, presso la sede di napoli della Sef, scuola di psicoterapia funzionale. L'apporto che la formazione presso la scuola di psicoterapia funzionale mi sta dando \u00e8 fondamentale, a mio avviso, perch\u00e8 offre strumenti tangibili per poter risalire alle cause del sintomo, piuttosto che soffermarsi al sintomo , attraverso il lavoro fondamentale sul corpo.&nbsp; La dicotomia mente corpo \u00e8 ormai stata superata, senza un corpo non potrebbe esistere una mente, per cui per affrontare un percorso terapeutico che porti a risultati tangibili \u00e8 impossibile non tener conto di tutti i piani che costruiscono il s\u00e8: cognitivo, emotivo, posturale e fisiologico. Siamo un'unit\u00e0 ed esprimiamo attraverso tutti i canali quelli che sono i nostri disagi o le nostre fierezze. Gi\u00e0 solo attraverso la respirazione si notano benefici e miglioramenti nella persona. Ma non \u00e8 tutto!<br>\n\nIn un ottica di continue mutazioni ed evoluzioni sociali sono sempre attiva per la mia formazione e ho di recente approfondito tecniche corporee di matrice funzionale&nbsp;per poter offrire alla persona la capacit\u00e0 di acquisire consapevolezza e responsabilit\u00e0 rispetto al proprio corpo e alle proprie emozioni sciogliendo tensioni, e recuperando lo stato di benessere e abbassando i livelli di stress. Sono molto affascinata dalla cultura orientale e dalle varie discipline olistiche; infatti attualmente pratico yoga e mindfulness e mi piacerebbe approfondire gli studi sullo yoga perch\u00e9 ritengo che abbia un notevole impatto positivo su chi lo pratica.<br>\nMi occupo di fare diagnosi mediante l'utilizzo di test clinici (Wish IV, Vineland, Millon, CBA-VE, etc), strumenti utili per inquadrare nello specifico problematiche e punti di forza.<\/h1>\t\t\t\t<\/div>\n\t\t\t\t<\/div>\n\t\t\t\t<\/div>\n\t\t<div class=\"elementor-element elementor-element-cf6e23b e-con-full e-flex e-con e-child\" data-id=\"cf6e23b\" data-element_type=\"container\">\n\t\t\t\t<div class=\"elementor-element elementor-element-df2e3a7 elementor-widget-mobile__width-auto elementor-absolute elementor-widget elementor-widget-image\" data-id=\"df2e3a7\" data-element_type=\"widget\" data-settings=\"{&quot;_position&quot;:&quot;absolute&quot;}\" data-widget_type=\"image.default\">\n\t\t\t\t<div class=\"elementor-widget-container\">\n\t\t\t\t\t\t\t\t\t\t\t\t\t\t\t<img fetchpriority=\"high\" decoding=\"async\" width=\"1049\" height=\"1417\" src=\"https:\/\/dicostanzopsicoterapeuta.it\/wp-content\/uploads\/2023\/11\/Progetto-senza-titolo-59-e1700314985725.png\" class=\"attachment-full size-full wp-image-17021\" alt=\"\" srcset=\"https:\/\/dicostanzopsicoterapeuta.it\/wp-content\/uploads\/2023\/11\/Progetto-senza-titolo-59-e1700314985725.png 1049w, https:\/\/dicostanzopsicoterapeuta.it\/wp-content\/uploads\/2023\/11\/Progetto-senza-titolo-59-e1700314985725-222x300.png 222w, https:\/\/dicostanzopsicoterapeuta.it\/wp-content\/uploads\/2023\/11\/Progetto-senza-titolo-59-e1700314985725-758x1024.png 758w, https:\/\/dicostanzopsicoterapeuta.it\/wp-content\/uploads\/2023\/11\/Progetto-senza-titolo-59-e1700314985725-768x1037.png 768w, https:\/\/dicostanzopsicoterapeuta.it\/wp-content\/uploads\/2023\/11\/Progetto-senza-titolo-59-e1700314985725-600x810.png 600w\" sizes=\"(max-width: 1049px) 100vw, 1049px\" \/>\t\t\t\t\t\t\t\t\t\t\t\t\t\t\t<\/div>\n\t\t\t\t<\/div>\n\t\t\t\t<\/div>\n\t\t\t\t\t<\/div>\n\t\t\t\t<\/div>\n\t\t\t\t<\/div>\n\t\t","protected":false},"excerpt":{"rendered":"<p>Sono la dott.ssa Maria Luisa Di Costanzo psicologa, esperto ABA, tutor DSA&nbsp; con formazione cognitivo comportamentale&nbsp; e psicocorporea. Offro servizio di supporto e percorsi di sostegno psicologico; tratto disturbi quali ansia, attacchi di panico, lutto, depressioni, traumi problemi di coppia, disturbi dell&#8217;umore e altro. Sono attualmente iscritta al quarto anno di psicoterapia funzionale, presso la [&hellip;]<\/p>\n","protected":false},"author":1,"featured_media":31,"parent":0,"menu_order":0,"comment_status":"closed","ping_status":"closed","template":"","meta":{"_acf_changed":false,"_monsterinsights_skip_tracking":false,"_monsterinsights_sitenote_active":false,"_monsterinsights_sitenote_note":"","_monsterinsights_sitenote_category":0,"footnotes":""},"class_list":["post-15","page","type-page","status-publish","has-post-thumbnail","hentry"],"acf":[],"_links":{"self":[{"href":"https:\/\/dicostanzopsicoterapeuta.it\/index.php\/wp-json\/wp\/v2\/pages\/15","targetHints":{"allow":["GET"]}}],"collection":[{"href":"https:\/\/dicostanzopsicoterapeuta.it\/index.php\/wp-json\/wp\/v2\/pages"}],"about":[{"href":"https:\/\/dicostanzopsicoterapeuta.it\/index.php\/wp-json\/wp\/v2\/types\/page"}],"author":[{"embeddable":true,"href":"https:\/\/dicostanzopsicoterapeuta.it\/index.php\/wp-json\/wp\/v2\/users\/1"}],"replies":[{"embeddable":true,"href":"https:\/\/dicostanzopsicoterapeuta.it\/index.php\/wp-json\/wp\/v2\/comments?post=15"}],"version-history":[{"count":44,"href":"https:\/\/dicostanzopsicoterapeuta.it\/index.php\/wp-json\/wp\/v2\/pages\/15\/revisions"}],"predecessor-version":[{"id":17284,"href":"https:\/\/dicostanzopsicoterapeuta.it\/index.php\/wp-json\/wp\/v2\/pages\/15\/revisions\/17284"}],"wp:featuredmedia":[{"embeddable":true,"href":"https:\/\/dicostanzopsicoterapeuta.it\/index.php\/wp-json\/wp\/v2\/media\/31"}],"wp:attachment":[{"href":"https:\/\/dicostanzopsicoterapeuta.it\/index.php\/wp-json\/wp\/v2\/media?parent=15"}],"curies":[{"name":"wp","href":"https:\/\/api.w.org\/{rel}","templated":true}]}}